{"id":689,"date":"2023-10-28T15:33:54","date_gmt":"2023-10-28T15:33:54","guid":{"rendered":"https:\/\/fotosatter.de\/?page_id=689"},"modified":"2025-05-31T14:10:25","modified_gmt":"2025-05-31T14:10:25","slug":"veranstaltungen","status":"publish","type":"page","link":"https:\/\/fotosatter.de\/?page_id=689","title":{"rendered":"VERANSTALTUNGEN"},"content":{"rendered":"\n<p class=\"has-text-align-center has-medium-font-size\"><\/p>\n\n\n\n<p class=\"has-text-align-center has-medium-font-size\"><strong><mark style=\"background-color:rgba(0, 0, 0, 0)\" class=\"has-inline-color has-black-color\">Sie m\u00f6chte Ihre Veranstaltung fotografisch festhalten? Dann z\u00f6gern Sie nicht und schreiben mir eine Mail.<\/mark><\/strong><\/p>\n\n\n\n<p class=\"has-medium-font-size\"><mark style=\"background-color:rgba(0, 0, 0, 0)\" class=\"has-inline-color has-black-color\">zur\u00fcck zur <a href=\"https:\/\/fotosatter.de\/?page_id=112\"><strong>Galerie\u00fcbersicht<\/strong><\/a><\/mark><\/p>\n\n\n\n<p class=\"has-text-align-center has-medium-font-size\"><\/p>\n\n\n\n<p class=\"has-text-align-center has-medium-font-size\"><\/p>\n\n\n\n<div id=\"envira-gallery-wrap-685\" class=\"envira-gallery-wrap envira-gallery-theme-base envira-lightbox-theme-base\" itemscope itemtype=\"https:\/\/schema.org\/ImageGallery\"><div data-row-height=\"\" data-gallery-theme=\"\" id=\"envira-gallery-685\" class=\"envira-gallery-public  envira-gallery-3-columns envira-clear enviratope envira-gallery-css-animations\" data-envira-columns=\"3\"><div id=\"envira-gallery-item-1066\" class=\"envira-gallery-item enviratope-item envira-gallery-item-1 envira-lazy-load\" style=\"padding-left: 5px; padding-bottom: 10px; padding-right: 5px;\"  itemscope itemtype=\"https:\/\/schema.org\/ImageObject\"><div class=\"envira-gallery-item-inner\"><div class=\"envira-gallery-position-overlay  envira-gallery-top-left\"><\/div><div class=\"envira-gallery-position-overlay  envira-gallery-top-right\"><\/div><div class=\"envira-gallery-position-overlay  envira-gallery-bottom-left\"><\/div><div class=\"envira-gallery-position-overlay  envira-gallery-bottom-right\"><\/div><a href=\"https:\/\/fotosatter.de\/wp-content\/uploads\/2025\/01\/6W9A8086.jpg\" class=\"envira-gallery-685 envira-gallery-link\" rel=\"enviragallery685\" title=\"6W9A8086\" data-envira-caption=\"6W9A8086\" data-envira-retina=\"\" data-thumbnail=\"\"  itemprop=\"contentUrl\"><div class=\"envira-lazy\" data-test-width=\"640\" data-test-height=\"480\" style=\"padding-bottom:75%;\"><img decoding=\"async\" id=\"envira-gallery-image-1066\" class=\"envira-gallery-image envira-gallery-image-1\" data-envira-index=\"1\" src=\"https:\/\/fotosatter.de\/wp-content\/uploads\/2025\/01\/6W9A8086-1024x683-640x480.jpg\" data-envira-src=\"https:\/\/fotosatter.de\/wp-content\/uploads\/2025\/01\/6W9A8086-1024x683-640x480.jpg\" data-envira-gallery-id=\"685\" data-envira-item-id=\"1066\" data-envira-caption=\"6W9A8086\" alt=\"\" title=\"6W9A8086\"  itemprop=\"thumbnailUrl\" data-envira-srcset=\"https:\/\/fotosatter.de\/wp-content\/uploads\/2025\/01\/6W9A8086-1024x683-640x480.jpg 400w,https:\/\/fotosatter.de\/wp-content\/uploads\/2025\/01\/6W9A8086-1024x683-640x480.jpg 2x\" srcset=\"data:image\/gif;base64,R0lGODlhAQABAIAAAP\/\/\/\/\/\/\/yH5BAEKAAEALAAAAAABAAEAAAICTAEAOw==\" \/><\/div><\/a><\/div><\/div><div id=\"envira-gallery-item-1065\" class=\"envira-gallery-item enviratope-item envira-gallery-item-2 envira-lazy-load\" style=\"padding-left: 5px; padding-bottom: 10px; padding-right: 5px;\"  itemscope itemtype=\"https:\/\/schema.org\/ImageObject\"><div class=\"envira-gallery-item-inner\"><div class=\"envira-gallery-position-overlay  envira-gallery-top-left\"><\/div><div class=\"envira-gallery-position-overlay  envira-gallery-top-right\"><\/div><div class=\"envira-gallery-position-overlay  envira-gallery-bottom-left\"><\/div><div class=\"envira-gallery-position-overlay  envira-gallery-bottom-right\"><\/div><a href=\"https:\/\/fotosatter.de\/wp-content\/uploads\/2025\/01\/6W9A8155.jpg\" class=\"envira-gallery-685 envira-gallery-link\" rel=\"enviragallery685\" title=\"6W9A8155\" data-envira-caption=\"6W9A8155\" data-envira-retina=\"\" data-thumbnail=\"\"  itemprop=\"contentUrl\"><div class=\"envira-lazy\" data-test-width=\"640\" data-test-height=\"480\" style=\"padding-bottom:75%;\"><img decoding=\"async\" id=\"envira-gallery-image-1065\" class=\"envira-gallery-image envira-gallery-image-2\" data-envira-index=\"2\" src=\"https:\/\/fotosatter.de\/wp-content\/uploads\/2025\/01\/6W9A8155-1024x683-640x480.jpg\" data-envira-src=\"https:\/\/fotosatter.de\/wp-content\/uploads\/2025\/01\/6W9A8155-1024x683-640x480.jpg\" data-envira-gallery-id=\"685\" data-envira-item-id=\"1065\" data-envira-caption=\"6W9A8155\" alt=\"\" title=\"6W9A8155\"  itemprop=\"thumbnailUrl\" data-envira-srcset=\"https:\/\/fotosatter.de\/wp-content\/uploads\/2025\/01\/6W9A8155-1024x683-640x480.jpg 400w,https:\/\/fotosatter.de\/wp-content\/uploads\/2025\/01\/6W9A8155-1024x683-640x480.jpg 2x\" srcset=\"data:image\/gif;base64,R0lGODlhAQABAIAAAP\/\/\/\/\/\/\/yH5BAEKAAEALAAAAAABAAEAAAICTAEAOw==\" \/><\/div><\/a><\/div><\/div><div id=\"envira-gallery-item-1064\" class=\"envira-gallery-item enviratope-item envira-gallery-item-3 envira-lazy-load\" style=\"padding-left: 5px; padding-bottom: 10px; padding-right: 5px;\"  itemscope itemtype=\"https:\/\/schema.org\/ImageObject\"><div class=\"envira-gallery-item-inner\"><div class=\"envira-gallery-position-overlay  envira-gallery-top-left\"><\/div><div class=\"envira-gallery-position-overlay  envira-gallery-top-right\"><\/div><div class=\"envira-gallery-position-overlay  envira-gallery-bottom-left\"><\/div><div class=\"envira-gallery-position-overlay  envira-gallery-bottom-right\"><\/div><a href=\"https:\/\/fotosatter.de\/wp-content\/uploads\/2025\/01\/6W9A8103.jpg\" class=\"envira-gallery-685 envira-gallery-link\" rel=\"enviragallery685\" title=\"6W9A8103\" data-envira-caption=\"6W9A8103\" data-envira-retina=\"\" data-thumbnail=\"\"  itemprop=\"contentUrl\"><div class=\"envira-lazy\" data-test-width=\"640\" data-test-height=\"480\" style=\"padding-bottom:75%;\"><img decoding=\"async\" id=\"envira-gallery-image-1064\" class=\"envira-gallery-image envira-gallery-image-3\" data-envira-index=\"3\" src=\"https:\/\/fotosatter.de\/wp-content\/uploads\/2025\/01\/6W9A8103-1024x683-640x480.jpg\" data-envira-src=\"https:\/\/fotosatter.de\/wp-content\/uploads\/2025\/01\/6W9A8103-1024x683-640x480.jpg\" data-envira-gallery-id=\"685\" data-envira-item-id=\"1064\" data-envira-caption=\"6W9A8103\" alt=\"\" title=\"6W9A8103\"  itemprop=\"thumbnailUrl\" data-envira-srcset=\"https:\/\/fotosatter.de\/wp-content\/uploads\/2025\/01\/6W9A8103-1024x683-640x480.jpg 400w,https:\/\/fotosatter.de\/wp-content\/uploads\/2025\/01\/6W9A8103-1024x683-640x480.jpg 2x\" srcset=\"data:image\/gif;base64,R0lGODlhAQABAIAAAP\/\/\/\/\/\/\/yH5BAEKAAEALAAAAAABAAEAAAICTAEAOw==\" \/><\/div><\/a><\/div><\/div><div id=\"envira-gallery-item-738\" class=\"envira-gallery-item enviratope-item envira-gallery-item-4 envira-lazy-load\" style=\"padding-left: 5px; padding-bottom: 10px; padding-right: 5px;\"  itemscope itemtype=\"https:\/\/schema.org\/ImageObject\"><div class=\"envira-gallery-item-inner\"><div class=\"envira-gallery-position-overlay  envira-gallery-top-left\"><\/div><div class=\"envira-gallery-position-overlay  envira-gallery-top-right\"><\/div><div class=\"envira-gallery-position-overlay  envira-gallery-bottom-left\"><\/div><div class=\"envira-gallery-position-overlay  envira-gallery-bottom-right\"><\/div><a href=\"https:\/\/fotosatter.de\/wp-content\/uploads\/2023\/10\/6W9A2103-scaled.jpg\" class=\"envira-gallery-685 envira-gallery-link\" rel=\"enviragallery685\" title=\"Ziemlich beste Kollegen e.V.\" data-envira-caption=\"Ziemlich beste Kollegen e.V.\" data-envira-retina=\"\" data-thumbnail=\"\"  itemprop=\"contentUrl\"><div class=\"envira-lazy\" data-test-width=\"640\" data-test-height=\"480\" style=\"padding-bottom:75%;\"><img decoding=\"async\" id=\"envira-gallery-image-738\" class=\"envira-gallery-image envira-gallery-image-4\" data-envira-index=\"4\" src=\"https:\/\/fotosatter.de\/wp-content\/uploads\/2023\/10\/6W9A2103-1024x683-640x480.jpg\" data-envira-src=\"https:\/\/fotosatter.de\/wp-content\/uploads\/2023\/10\/6W9A2103-1024x683-640x480.jpg\" data-envira-gallery-id=\"685\" data-envira-item-id=\"738\" data-envira-caption=\"Ziemlich beste Kollegen e.V.\" alt=\"\" title=\"Ziemlich beste Kollegen e.V.\"  itemprop=\"thumbnailUrl\" data-envira-srcset=\"https:\/\/fotosatter.de\/wp-content\/uploads\/2023\/10\/6W9A2103-1024x683-640x480.jpg 400w,https:\/\/fotosatter.de\/wp-content\/uploads\/2023\/10\/6W9A2103-1024x683-640x480.jpg 2x\" srcset=\"data:image\/gif;base64,R0lGODlhAQABAIAAAP\/\/\/\/\/\/\/yH5BAEKAAEALAAAAAABAAEAAAICTAEAOw==\" \/><\/div><\/a><\/div><\/div><div id=\"envira-gallery-item-740\" class=\"envira-gallery-item enviratope-item envira-gallery-item-5 envira-lazy-load\" style=\"padding-left: 5px; padding-bottom: 10px; padding-right: 5px;\"  itemscope itemtype=\"https:\/\/schema.org\/ImageObject\"><div class=\"envira-gallery-item-inner\"><div class=\"envira-gallery-position-overlay  envira-gallery-top-left\"><\/div><div class=\"envira-gallery-position-overlay  envira-gallery-top-right\"><\/div><div class=\"envira-gallery-position-overlay  envira-gallery-bottom-left\"><\/div><div class=\"envira-gallery-position-overlay  envira-gallery-bottom-right\"><\/div><a href=\"https:\/\/fotosatter.de\/wp-content\/uploads\/2023\/10\/6W9A2248-scaled.jpg\" class=\"envira-gallery-685 envira-gallery-link\" rel=\"enviragallery685\" title=\"Ziemlich beste Kollegen e.V.\" data-envira-caption=\"Ziemlich beste Kollegen e.V.\" data-envira-retina=\"\" data-thumbnail=\"\"  itemprop=\"contentUrl\"><div class=\"envira-lazy\" data-test-width=\"640\" data-test-height=\"480\" style=\"padding-bottom:75%;\"><img decoding=\"async\" id=\"envira-gallery-image-740\" class=\"envira-gallery-image envira-gallery-image-5\" data-envira-index=\"5\" src=\"https:\/\/fotosatter.de\/wp-content\/uploads\/2023\/10\/6W9A2248-1024x683-640x480.jpg\" data-envira-src=\"https:\/\/fotosatter.de\/wp-content\/uploads\/2023\/10\/6W9A2248-1024x683-640x480.jpg\" data-envira-gallery-id=\"685\" data-envira-item-id=\"740\" data-envira-caption=\"Ziemlich beste Kollegen e.V.\" alt=\"\" title=\"Ziemlich beste Kollegen e.V.\"  itemprop=\"thumbnailUrl\" data-envira-srcset=\"https:\/\/fotosatter.de\/wp-content\/uploads\/2023\/10\/6W9A2248-1024x683-640x480.jpg 400w,https:\/\/fotosatter.de\/wp-content\/uploads\/2023\/10\/6W9A2248-1024x683-640x480.jpg 2x\" srcset=\"data:image\/gif;base64,R0lGODlhAQABAIAAAP\/\/\/\/\/\/\/yH5BAEKAAEALAAAAAABAAEAAAICTAEAOw==\" \/><\/div><\/a><\/div><\/div><div id=\"envira-gallery-item-739\" class=\"envira-gallery-item enviratope-item envira-gallery-item-6 envira-lazy-load\" style=\"padding-left: 5px; padding-bottom: 10px; padding-right: 5px;\"  itemscope itemtype=\"https:\/\/schema.org\/ImageObject\"><div class=\"envira-gallery-item-inner\"><div class=\"envira-gallery-position-overlay  envira-gallery-top-left\"><\/div><div class=\"envira-gallery-position-overlay  envira-gallery-top-right\"><\/div><div class=\"envira-gallery-position-overlay  envira-gallery-bottom-left\"><\/div><div class=\"envira-gallery-position-overlay  envira-gallery-bottom-right\"><\/div><a href=\"https:\/\/fotosatter.de\/wp-content\/uploads\/2023\/10\/6W9A2087-scaled.jpg\" class=\"envira-gallery-685 envira-gallery-link\" rel=\"enviragallery685\" title=\"Ziemlich beste Kollegen e.V.\" data-envira-caption=\"Ziemlich beste Kollegen e.V.\" data-envira-retina=\"\" data-thumbnail=\"\"  itemprop=\"contentUrl\"><div class=\"envira-lazy\" data-test-width=\"640\" data-test-height=\"480\" style=\"padding-bottom:75%;\"><img decoding=\"async\" id=\"envira-gallery-image-739\" class=\"envira-gallery-image envira-gallery-image-6\" data-envira-index=\"6\" src=\"https:\/\/fotosatter.de\/wp-content\/uploads\/2023\/10\/6W9A2087-1024x683-640x480.jpg\" data-envira-src=\"https:\/\/fotosatter.de\/wp-content\/uploads\/2023\/10\/6W9A2087-1024x683-640x480.jpg\" data-envira-gallery-id=\"685\" data-envira-item-id=\"739\" data-envira-caption=\"Ziemlich beste Kollegen e.V.\" alt=\"\" title=\"Ziemlich beste Kollegen e.V.\"  itemprop=\"thumbnailUrl\" data-envira-srcset=\"https:\/\/fotosatter.de\/wp-content\/uploads\/2023\/10\/6W9A2087-1024x683-640x480.jpg 400w,https:\/\/fotosatter.de\/wp-content\/uploads\/2023\/10\/6W9A2087-1024x683-640x480.jpg 2x\" srcset=\"data:image\/gif;base64,R0lGODlhAQABAIAAAP\/\/\/\/\/\/\/yH5BAEKAAEALAAAAAABAAEAAAICTAEAOw==\" \/><\/div><\/a><\/div><\/div><div id=\"envira-gallery-item-686\" class=\"envira-gallery-item enviratope-item envira-gallery-item-7 envira-lazy-load\" style=\"padding-left: 5px; padding-bottom: 10px; padding-right: 5px;\"  itemscope itemtype=\"https:\/\/schema.org\/ImageObject\"><div class=\"envira-gallery-item-inner\"><div class=\"envira-gallery-position-overlay  envira-gallery-top-left\"><\/div><div class=\"envira-gallery-position-overlay  envira-gallery-top-right\"><\/div><div class=\"envira-gallery-position-overlay  envira-gallery-bottom-left\"><\/div><div class=\"envira-gallery-position-overlay  envira-gallery-bottom-right\"><\/div><a href=\"https:\/\/fotosatter.de\/wp-content\/uploads\/2023\/10\/6W9A1388-scaled.jpg\" class=\"envira-gallery-685 envira-gallery-link\" rel=\"enviragallery685\" title=\"Dance Society\" data-envira-caption=\"Dance Society\" data-envira-retina=\"\" data-thumbnail=\"\"  itemprop=\"contentUrl\"><div class=\"envira-lazy\" data-test-width=\"640\" data-test-height=\"480\" style=\"padding-bottom:75%;\"><img decoding=\"async\" id=\"envira-gallery-image-686\" class=\"envira-gallery-image envira-gallery-image-7\" data-envira-index=\"7\" src=\"https:\/\/fotosatter.de\/wp-content\/uploads\/2023\/10\/6W9A1388-1024x683-640x480.jpg\" data-envira-src=\"https:\/\/fotosatter.de\/wp-content\/uploads\/2023\/10\/6W9A1388-1024x683-640x480.jpg\" data-envira-gallery-id=\"685\" data-envira-item-id=\"686\" data-envira-caption=\"Dance Society\" alt=\"\" title=\"Dance Society\"  itemprop=\"thumbnailUrl\" data-envira-srcset=\"https:\/\/fotosatter.de\/wp-content\/uploads\/2023\/10\/6W9A1388-1024x683-640x480.jpg 400w,https:\/\/fotosatter.de\/wp-content\/uploads\/2023\/10\/6W9A1388-1024x683-640x480.jpg 2x\" srcset=\"data:image\/gif;base64,R0lGODlhAQABAIAAAP\/\/\/\/\/\/\/yH5BAEKAAEALAAAAAABAAEAAAICTAEAOw==\" \/><\/div><\/a><\/div><\/div><div id=\"envira-gallery-item-687\" class=\"envira-gallery-item enviratope-item envira-gallery-item-8 envira-lazy-load\" style=\"padding-left: 5px; padding-bottom: 10px; padding-right: 5px;\"  itemscope itemtype=\"https:\/\/schema.org\/ImageObject\"><div class=\"envira-gallery-item-inner\"><div class=\"envira-gallery-position-overlay  envira-gallery-top-left\"><\/div><div class=\"envira-gallery-position-overlay  envira-gallery-top-right\"><\/div><div class=\"envira-gallery-position-overlay  envira-gallery-bottom-left\"><\/div><div class=\"envira-gallery-position-overlay  envira-gallery-bottom-right\"><\/div><a href=\"https:\/\/fotosatter.de\/wp-content\/uploads\/2023\/10\/6W9A1529-scaled.jpg\" class=\"envira-gallery-685 envira-gallery-link\" rel=\"enviragallery685\" title=\"Dance Society\" data-envira-caption=\"Dance Society\" data-envira-retina=\"\" data-thumbnail=\"\"  itemprop=\"contentUrl\"><div class=\"envira-lazy\" data-test-width=\"640\" data-test-height=\"480\" style=\"padding-bottom:75%;\"><img decoding=\"async\" id=\"envira-gallery-image-687\" class=\"envira-gallery-image envira-gallery-image-8\" data-envira-index=\"8\" src=\"https:\/\/fotosatter.de\/wp-content\/uploads\/2023\/10\/6W9A1529-1024x683-640x480.jpg\" data-envira-src=\"https:\/\/fotosatter.de\/wp-content\/uploads\/2023\/10\/6W9A1529-1024x683-640x480.jpg\" data-envira-gallery-id=\"685\" data-envira-item-id=\"687\" data-envira-caption=\"Dance Society\" alt=\"\" title=\"Dance Society\"  itemprop=\"thumbnailUrl\" data-envira-srcset=\"https:\/\/fotosatter.de\/wp-content\/uploads\/2023\/10\/6W9A1529-1024x683-640x480.jpg 400w,https:\/\/fotosatter.de\/wp-content\/uploads\/2023\/10\/6W9A1529-1024x683-640x480.jpg 2x\" srcset=\"data:image\/gif;base64,R0lGODlhAQABAIAAAP\/\/\/\/\/\/\/yH5BAEKAAEALAAAAAABAAEAAAICTAEAOw==\" \/><\/div><\/a><\/div><\/div><div id=\"envira-gallery-item-688\" class=\"envira-gallery-item enviratope-item envira-gallery-item-9 envira-lazy-load\" style=\"padding-left: 5px; padding-bottom: 10px; padding-right: 5px;\"  itemscope itemtype=\"https:\/\/schema.org\/ImageObject\"><div class=\"envira-gallery-item-inner\"><div class=\"envira-gallery-position-overlay  envira-gallery-top-left\"><\/div><div class=\"envira-gallery-position-overlay  envira-gallery-top-right\"><\/div><div class=\"envira-gallery-position-overlay  envira-gallery-bottom-left\"><\/div><div class=\"envira-gallery-position-overlay  envira-gallery-bottom-right\"><\/div><a href=\"https:\/\/fotosatter.de\/wp-content\/uploads\/2023\/10\/6W9A1579-scaled.jpg\" class=\"envira-gallery-685 envira-gallery-link\" rel=\"enviragallery685\" title=\"Dance Society\" data-envira-caption=\"Dance Society\" data-envira-retina=\"\" data-thumbnail=\"\"  itemprop=\"contentUrl\"><div class=\"envira-lazy\" data-test-width=\"640\" data-test-height=\"480\" style=\"padding-bottom:75%;\"><img decoding=\"async\" id=\"envira-gallery-image-688\" class=\"envira-gallery-image envira-gallery-image-9\" data-envira-index=\"9\" src=\"https:\/\/fotosatter.de\/wp-content\/uploads\/2023\/10\/6W9A1579-1024x683-640x480.jpg\" data-envira-src=\"https:\/\/fotosatter.de\/wp-content\/uploads\/2023\/10\/6W9A1579-1024x683-640x480.jpg\" data-envira-gallery-id=\"685\" data-envira-item-id=\"688\" data-envira-caption=\"Dance Society\" alt=\"\" title=\"Dance Society\"  itemprop=\"thumbnailUrl\" data-envira-srcset=\"https:\/\/fotosatter.de\/wp-content\/uploads\/2023\/10\/6W9A1579-1024x683-640x480.jpg 400w,https:\/\/fotosatter.de\/wp-content\/uploads\/2023\/10\/6W9A1579-1024x683-640x480.jpg 2x\" srcset=\"data:image\/gif;base64,R0lGODlhAQABAIAAAP\/\/\/\/\/\/\/yH5BAEKAAEALAAAAAABAAEAAAICTAEAOw==\" \/><\/div><\/a><\/div><\/div><\/div><\/div><noscript><img decoding=\"async\" src=\"https:\/\/fotosatter.de\/wp-content\/uploads\/2025\/01\/6W9A8086.jpg\" alt=\"\" \/><img decoding=\"async\" src=\"https:\/\/fotosatter.de\/wp-content\/uploads\/2025\/01\/6W9A8155.jpg\" alt=\"\" \/><img decoding=\"async\" src=\"https:\/\/fotosatter.de\/wp-content\/uploads\/2025\/01\/6W9A8103.jpg\" alt=\"\" \/><img decoding=\"async\" src=\"https:\/\/fotosatter.de\/wp-content\/uploads\/2023\/10\/6W9A2103-scaled.jpg\" alt=\"\" \/><img decoding=\"async\" src=\"https:\/\/fotosatter.de\/wp-content\/uploads\/2023\/10\/6W9A2248-scaled.jpg\" alt=\"\" \/><img decoding=\"async\" src=\"https:\/\/fotosatter.de\/wp-content\/uploads\/2023\/10\/6W9A2087-scaled.jpg\" alt=\"\" \/><img decoding=\"async\" src=\"https:\/\/fotosatter.de\/wp-content\/uploads\/2023\/10\/6W9A1388-scaled.jpg\" alt=\"\" \/><img decoding=\"async\" src=\"https:\/\/fotosatter.de\/wp-content\/uploads\/2023\/10\/6W9A1529-scaled.jpg\" alt=\"\" \/><img decoding=\"async\" src=\"https:\/\/fotosatter.de\/wp-content\/uploads\/2023\/10\/6W9A1579-scaled.jpg\" alt=\"\" \/><\/noscript>\n\n\n\n<p><\/p>\n","protected":false},"excerpt":{"rendered":"<p>Sie m\u00f6chte Ihre Veranstaltung fotografisch festhalten? Dann z\u00f6gern Sie nicht und schreiben mir eine Mail. zur\u00fcck zur Galerie\u00fcbersicht<\/p>\n","protected":false},"author":1,"featured_media":0,"parent":0,"menu_order":0,"comment_status":"closed","ping_status":"closed","template":"","meta":{"colormag_page_container_layout":"default_layout","colormag_page_sidebar_layout":"default_layout","footnotes":""},"class_list":["post-689","page","type-page","status-publish","hentry"],"_links":{"self":[{"href":"https:\/\/fotosatter.de\/index.php?rest_route=\/wp\/v2\/pages\/689","targetHints":{"allow":["GET"]}}],"collection":[{"href":"https:\/\/fotosatter.de\/index.php?rest_route=\/wp\/v2\/pages"}],"about":[{"href":"https:\/\/fotosatter.de\/index.php?rest_route=\/wp\/v2\/types\/page"}],"author":[{"embeddable":true,"href":"https:\/\/fotosatter.de\/index.php?rest_route=\/wp\/v2\/users\/1"}],"replies":[{"embeddable":true,"href":"https:\/\/fotosatter.de\/index.php?rest_route=%2Fwp%2Fv2%2Fcomments&post=689"}],"version-history":[{"count":12,"href":"https:\/\/fotosatter.de\/index.php?rest_route=\/wp\/v2\/pages\/689\/revisions"}],"predecessor-version":[{"id":1367,"href":"https:\/\/fotosatter.de\/index.php?rest_route=\/wp\/v2\/pages\/689\/revisions\/1367"}],"wp:attachment":[{"href":"https:\/\/fotosatter.de\/index.php?rest_route=%2Fwp%2Fv2%2Fmedia&parent=689"}],"curies":[{"name":"wp","href":"https:\/\/api.w.org\/{rel}","templated":true}]}}