{"id":54,"date":"2023-06-21T17:27:37","date_gmt":"2023-06-21T17:27:37","guid":{"rendered":"http:\/\/s966401993.online.de\/?page_id=54"},"modified":"2026-04-06T11:40:57","modified_gmt":"2026-04-06T11:40:57","slug":"impressum","status":"publish","type":"page","link":"https:\/\/fotosatter.de\/?page_id=54","title":{"rendered":"Impressum"},"content":{"rendered":"\n<p><mark style=\"background-color:rgba(0, 0, 0, 0)\" class=\"has-inline-color has-black-color\">Verantwortlich f\u00fcr den Inhalt nach \u00a7 55 Abs. 2 RStV:<br>Sven Satter<br>Frankfurter-Stra\u00dfe 15<br>55294 Bodenheim<\/mark><br><br><mark style=\"background-color:rgba(0, 0, 0, 0)\" class=\"has-inline-color has-black-color\">Steuernummer: 44\/143\/70886<\/mark><\/p>\n\n\n\n<p><mark style=\"background-color:rgba(0, 0, 0, 0)\" class=\"has-inline-color has-black-color\">\u201eKein Ausweis von Umsatzsteuer, da Kleinunternehmer gem\u00e4\u00df \u00a7 19 UStG.\u201c<\/mark><br><\/p>\n\n\n\n<p><mark style=\"background-color:rgba(0, 0, 0, 0)\" class=\"has-inline-color has-black-color\">Impressum \/ Disclaimer<br>Trotz sorgf\u00e4ltiger Kontrolle \u00fcbernehmen wir keine Haftung f\u00fcr die Inhalte externer Links. F\u00fcr den Inhalt der verlinkten Seiten sind ausschlie\u00dflich deren Betreiber verantwortlich.<\/mark><\/p>\n\n\n\n<p><mark style=\"background-color:rgba(0, 0, 0, 0)\" class=\"has-inline-color has-black-color\">Haftungshinweis:<br>Trotz sorgf\u00e4ltiger inhaltlicher Kontrolle k\u00f6nnen sich Daten zwischenzeitig \u00e4ndern. Eine Haftung oder Garantie f\u00fcr die Aktualit\u00e4t, Richtigkeit und Vollst\u00e4ndigkeit der zur Verf\u00fcgung gestellten Inhalte kann daher nicht \u00fcbernommen werden. Wir \u00fcbernehmen keine Haftung f\u00fcr die Inhalte externer Links. F\u00fcr den Inhalt der verlinkten Seiten sind ausschlie\u00dflich deren Betreiber verantwortlich. Inhalt und Struktur der Webseiten von Sven Satter sind urheberrechtlich gesch\u00fctzt. Die Vervielf\u00e4ltigung von Informationen oder Daten, insbesondere die Verwendung von Texten, Textteilen oder Bildmaterial, bedarf der vorherigen schriftlichen Zustimmung von Sven Satter.<\/mark><\/p>\n\n\n\n<p><\/p>\n","protected":false},"excerpt":{"rendered":"<p>Verantwortlich f\u00fcr den Inhalt nach \u00a7 55 Abs. 2 RStV:Sven SatterFrankfurter-Stra\u00dfe 1555294 Bodenheim Steuernummer: 44\/143\/70886 \u201eKein Ausweis von Umsatzsteuer, da<\/p>\n","protected":false},"author":1,"featured_media":0,"parent":0,"menu_order":0,"comment_status":"closed","ping_status":"closed","template":"","meta":{"colormag_page_container_layout":"default_layout","colormag_page_sidebar_layout":"default_layout","footnotes":""},"class_list":["post-54","page","type-page","status-publish","hentry"],"_links":{"self":[{"href":"https:\/\/fotosatter.de\/index.php?rest_route=\/wp\/v2\/pages\/54","targetHints":{"allow":["GET"]}}],"collection":[{"href":"https:\/\/fotosatter.de\/index.php?rest_route=\/wp\/v2\/pages"}],"about":[{"href":"https:\/\/fotosatter.de\/index.php?rest_route=\/wp\/v2\/types\/page"}],"author":[{"embeddable":true,"href":"https:\/\/fotosatter.de\/index.php?rest_route=\/wp\/v2\/users\/1"}],"replies":[{"embeddable":true,"href":"https:\/\/fotosatter.de\/index.php?rest_route=%2Fwp%2Fv2%2Fcomments&post=54"}],"version-history":[{"count":4,"href":"https:\/\/fotosatter.de\/index.php?rest_route=\/wp\/v2\/pages\/54\/revisions"}],"predecessor-version":[{"id":1374,"href":"https:\/\/fotosatter.de\/index.php?rest_route=\/wp\/v2\/pages\/54\/revisions\/1374"}],"wp:attachment":[{"href":"https:\/\/fotosatter.de\/index.php?rest_route=%2Fwp%2Fv2%2Fmedia&parent=54"}],"curies":[{"name":"wp","href":"https:\/\/api.w.org\/{rel}","templated":true}]}}