{"id":419,"date":"2023-06-25T14:43:52","date_gmt":"2023-06-25T14:43:52","guid":{"rendered":"https:\/\/fotosatter.de\/?page_id=419"},"modified":"2025-05-31T14:10:49","modified_gmt":"2025-05-31T14:10:49","slug":"hochzeit","status":"publish","type":"page","link":"https:\/\/fotosatter.de\/?page_id=419","title":{"rendered":"HOCHZEIT"},"content":{"rendered":"\n<p><\/p>\n\n\n\n<p class=\"has-medium-font-size\"><strong><mark style=\"background-color:rgba(0, 0, 0, 0)\" class=\"has-inline-color has-black-color\">Sie m\u00f6chten Ihre Hochzeit fotografisch festhalten? Dann z\u00f6gern Sie nicht mir eine Mail zu schreiben.<\/mark><\/strong><\/p>\n\n\n\n<p class=\"has-medium-font-size\"><mark style=\"background-color:rgba(0, 0, 0, 0)\" class=\"has-inline-color has-black-color\">zur\u00fcck zur <a href=\"https:\/\/fotosatter.de\/?page_id=112\"><strong>Galerie\u00fcbersicht<\/strong><\/a><\/mark><\/p>\n\n\n\n<p class=\"has-text-align-center has-medium-font-size\"><\/p>\n\n\n\n<p class=\"has-text-align-center has-medium-font-size\"><\/p>\n\n\n\n<p><\/p>\n\n\n\n\n\n\n\n<p class=\"has-text-align-center has-medium-font-size\"><\/p>\n\n\n\n<p><\/p>\n\n\n\n<div id=\"envira-gallery-wrap-575\" class=\"envira-gallery-wrap envira-gallery-theme-base envira-lightbox-theme-base\" itemscope itemtype=\"https:\/\/schema.org\/ImageGallery\"><div data-row-height=\"\" data-gallery-theme=\"\" id=\"envira-gallery-575\" class=\"envira-gallery-public  envira-gallery-4-columns envira-clear enviratope envira-gallery-css-animations\" data-envira-columns=\"4\"><div id=\"envira-gallery-item-1384\" class=\"envira-gallery-item enviratope-item envira-gallery-item-1 envira-lazy-load\" style=\"padding-left: 5px; padding-bottom: 10px; padding-right: 5px;\"  itemscope itemtype=\"https:\/\/schema.org\/ImageObject\"><div class=\"envira-gallery-item-inner\"><div class=\"envira-gallery-position-overlay  envira-gallery-top-left\"><\/div><div class=\"envira-gallery-position-overlay  envira-gallery-top-right\"><\/div><div class=\"envira-gallery-position-overlay  envira-gallery-bottom-left\"><\/div><div class=\"envira-gallery-position-overlay  envira-gallery-bottom-right\"><\/div><a href=\"https:\/\/fotosatter.de\/wp-content\/uploads\/2023\/07\/6W9A2578-scaled.jpg\" class=\"envira-gallery-575 envira-gallery-link\" rel=\"enviragallery575\" title=\"Anne-Marie &amp;amp;amp; Thilo Mai 2025\" data-envira-caption=\"Anne-Marie &amp;amp;amp; Thilo Mai 2025\" data-envira-retina=\"\" data-thumbnail=\"\"  itemprop=\"contentUrl\"><div class=\"envira-lazy\" data-test-width=\"640\" data-test-height=\"480\" style=\"padding-bottom:75%;\"><img decoding=\"async\" id=\"envira-gallery-image-1384\" class=\"envira-gallery-image envira-gallery-image-1\" data-envira-index=\"1\" src=\"https:\/\/fotosatter.de\/wp-content\/uploads\/2023\/07\/6W9A2578-683x1024-640x480.jpg\" data-envira-src=\"https:\/\/fotosatter.de\/wp-content\/uploads\/2023\/07\/6W9A2578-683x1024-640x480.jpg\" data-envira-gallery-id=\"575\" data-envira-item-id=\"1384\" data-envira-caption=\"Anne-Marie &amp;amp;amp; Thilo Mai 2025\" alt=\"\" title=\"Anne-Marie &amp;amp;amp;amp; Thilo Mai 2025\"  itemprop=\"thumbnailUrl\" data-envira-srcset=\"https:\/\/fotosatter.de\/wp-content\/uploads\/2023\/07\/6W9A2578-683x1024-640x480.jpg 400w,https:\/\/fotosatter.de\/wp-content\/uploads\/2023\/07\/6W9A2578-683x1024-640x480.jpg 2x\" srcset=\"data:image\/gif;base64,R0lGODlhAQABAIAAAP\/\/\/\/\/\/\/yH5BAEKAAEALAAAAAABAAEAAAICTAEAOw==\" \/><\/div><\/a><\/div><\/div><div id=\"envira-gallery-item-1383\" class=\"envira-gallery-item enviratope-item envira-gallery-item-2 envira-lazy-load\" style=\"padding-left: 5px; padding-bottom: 10px; padding-right: 5px;\"  itemscope itemtype=\"https:\/\/schema.org\/ImageObject\"><div class=\"envira-gallery-item-inner\"><div class=\"envira-gallery-position-overlay  envira-gallery-top-left\"><\/div><div class=\"envira-gallery-position-overlay  envira-gallery-top-right\"><\/div><div class=\"envira-gallery-position-overlay  envira-gallery-bottom-left\"><\/div><div class=\"envira-gallery-position-overlay  envira-gallery-bottom-right\"><\/div><a href=\"https:\/\/fotosatter.de\/wp-content\/uploads\/2023\/07\/6W9A2585-scaled.jpg\" class=\"envira-gallery-575 envira-gallery-link\" rel=\"enviragallery575\" title=\"Anne-Marie &amp;amp;amp; Thilo Mai 2025\" data-envira-caption=\"Anne-Marie &amp;amp;amp; Thilo Mai 2025\" data-envira-retina=\"\" data-thumbnail=\"\"  itemprop=\"contentUrl\"><div class=\"envira-lazy\" data-test-width=\"640\" data-test-height=\"480\" style=\"padding-bottom:75%;\"><img decoding=\"async\" id=\"envira-gallery-image-1383\" class=\"envira-gallery-image envira-gallery-image-2\" data-envira-index=\"2\" src=\"https:\/\/fotosatter.de\/wp-content\/uploads\/2023\/07\/6W9A2585-683x1024-640x480.jpg\" data-envira-src=\"https:\/\/fotosatter.de\/wp-content\/uploads\/2023\/07\/6W9A2585-683x1024-640x480.jpg\" data-envira-gallery-id=\"575\" data-envira-item-id=\"1383\" data-envira-caption=\"Anne-Marie &amp;amp;amp; Thilo Mai 2025\" alt=\"\" title=\"Anne-Marie &amp;amp;amp;amp; Thilo Mai 2025\"  itemprop=\"thumbnailUrl\" data-envira-srcset=\"https:\/\/fotosatter.de\/wp-content\/uploads\/2023\/07\/6W9A2585-683x1024-640x480.jpg 400w,https:\/\/fotosatter.de\/wp-content\/uploads\/2023\/07\/6W9A2585-683x1024-640x480.jpg 2x\" srcset=\"data:image\/gif;base64,R0lGODlhAQABAIAAAP\/\/\/\/\/\/\/yH5BAEKAAEALAAAAAABAAEAAAICTAEAOw==\" \/><\/div><\/a><\/div><\/div><div id=\"envira-gallery-item-283\" class=\"envira-gallery-item enviratope-item envira-gallery-item-3 envira-lazy-load\" style=\"padding-left: 5px; padding-bottom: 10px; padding-right: 5px;\"  itemscope itemtype=\"https:\/\/schema.org\/ImageObject\"><div class=\"envira-gallery-item-inner\"><div class=\"envira-gallery-position-overlay  envira-gallery-top-left\"><\/div><div class=\"envira-gallery-position-overlay  envira-gallery-top-right\"><\/div><div class=\"envira-gallery-position-overlay  envira-gallery-bottom-left\"><\/div><div class=\"envira-gallery-position-overlay  envira-gallery-bottom-right\"><\/div><a href=\"https:\/\/fotosatter.de\/wp-content\/uploads\/2023\/06\/6W9A4244-scaled.jpg\" class=\"envira-gallery-575 envira-gallery-link\" rel=\"enviragallery575\" title=\"Sandra und Tobias\" data-envira-caption=\"Sandra und Tobias\" data-envira-retina=\"\" data-thumbnail=\"\"  itemprop=\"contentUrl\"><div class=\"envira-lazy\" data-test-width=\"640\" data-test-height=\"480\" style=\"padding-bottom:75%;\"><img decoding=\"async\" id=\"envira-gallery-image-283\" class=\"envira-gallery-image envira-gallery-image-3\" data-envira-index=\"3\" src=\"https:\/\/fotosatter.de\/wp-content\/uploads\/2023\/06\/6W9A4244-1024x683-640x480.jpg\" data-envira-src=\"https:\/\/fotosatter.de\/wp-content\/uploads\/2023\/06\/6W9A4244-1024x683-640x480.jpg\" data-envira-gallery-id=\"575\" data-envira-item-id=\"283\" data-envira-caption=\"Sandra und Tobias\" alt=\"\" title=\"Sandra und Tobias\"  itemprop=\"thumbnailUrl\" data-envira-srcset=\"https:\/\/fotosatter.de\/wp-content\/uploads\/2023\/06\/6W9A4244-1024x683-640x480.jpg 400w,https:\/\/fotosatter.de\/wp-content\/uploads\/2023\/06\/6W9A4244-1024x683-640x480.jpg 2x\" srcset=\"data:image\/gif;base64,R0lGODlhAQABAIAAAP\/\/\/\/\/\/\/yH5BAEKAAEALAAAAAABAAEAAAICTAEAOw==\" \/><\/div><\/a><\/div><\/div><div id=\"envira-gallery-item-284\" class=\"envira-gallery-item enviratope-item envira-gallery-item-4 envira-lazy-load\" style=\"padding-left: 5px; padding-bottom: 10px; padding-right: 5px;\"  itemscope itemtype=\"https:\/\/schema.org\/ImageObject\"><div class=\"envira-gallery-item-inner\"><div class=\"envira-gallery-position-overlay  envira-gallery-top-left\"><\/div><div class=\"envira-gallery-position-overlay  envira-gallery-top-right\"><\/div><div class=\"envira-gallery-position-overlay  envira-gallery-bottom-left\"><\/div><div class=\"envira-gallery-position-overlay  envira-gallery-bottom-right\"><\/div><a href=\"https:\/\/fotosatter.de\/wp-content\/uploads\/2023\/06\/6W9A4272-scaled.jpg\" class=\"envira-gallery-575 envira-gallery-link\" rel=\"enviragallery575\" title=\"Sandra und Tobias\" data-envira-caption=\"Sandra und Tobias\" data-envira-retina=\"\" data-thumbnail=\"\"  itemprop=\"contentUrl\"><div class=\"envira-lazy\" data-test-width=\"640\" data-test-height=\"480\" style=\"padding-bottom:75%;\"><img decoding=\"async\" id=\"envira-gallery-image-284\" class=\"envira-gallery-image envira-gallery-image-4\" data-envira-index=\"4\" src=\"https:\/\/fotosatter.de\/wp-content\/uploads\/2023\/06\/6W9A4272-1024x683-640x480.jpg\" data-envira-src=\"https:\/\/fotosatter.de\/wp-content\/uploads\/2023\/06\/6W9A4272-1024x683-640x480.jpg\" data-envira-gallery-id=\"575\" data-envira-item-id=\"284\" data-envira-caption=\"Sandra und Tobias\" alt=\"\" title=\"Sandra und Tobias\"  itemprop=\"thumbnailUrl\" data-envira-srcset=\"https:\/\/fotosatter.de\/wp-content\/uploads\/2023\/06\/6W9A4272-1024x683-640x480.jpg 400w,https:\/\/fotosatter.de\/wp-content\/uploads\/2023\/06\/6W9A4272-1024x683-640x480.jpg 2x\" srcset=\"data:image\/gif;base64,R0lGODlhAQABAIAAAP\/\/\/\/\/\/\/yH5BAEKAAEALAAAAAABAAEAAAICTAEAOw==\" \/><\/div><\/a><\/div><\/div><div id=\"envira-gallery-item-494\" class=\"envira-gallery-item enviratope-item envira-gallery-item-5 envira-lazy-load\" style=\"padding-left: 5px; padding-bottom: 10px; padding-right: 5px;\"  itemscope itemtype=\"https:\/\/schema.org\/ImageObject\"><div class=\"envira-gallery-item-inner\"><div class=\"envira-gallery-position-overlay  envira-gallery-top-left\"><\/div><div class=\"envira-gallery-position-overlay  envira-gallery-top-right\"><\/div><div class=\"envira-gallery-position-overlay  envira-gallery-bottom-left\"><\/div><div class=\"envira-gallery-position-overlay  envira-gallery-bottom-right\"><\/div><a href=\"https:\/\/fotosatter.de\/wp-content\/uploads\/2023\/06\/IMG_1975.jpg\" class=\"envira-gallery-575 envira-gallery-link\" rel=\"enviragallery575\" title=\"\" data-envira-caption=\"\" data-envira-retina=\"\" data-thumbnail=\"\"  itemprop=\"contentUrl\"><div class=\"envira-lazy\" data-test-width=\"640\" data-test-height=\"480\" style=\"padding-bottom:75%;\"><img decoding=\"async\" id=\"envira-gallery-image-494\" class=\"envira-gallery-image envira-gallery-image-5\" data-envira-index=\"5\" src=\"https:\/\/fotosatter.de\/wp-content\/uploads\/2023\/06\/IMG_1975-640x480.jpg\" data-envira-src=\"https:\/\/fotosatter.de\/wp-content\/uploads\/2023\/06\/IMG_1975-640x480.jpg\" data-envira-gallery-id=\"575\" data-envira-item-id=\"494\" data-envira-caption=\"\" alt=\"\" title=\"\"  itemprop=\"thumbnailUrl\" data-envira-srcset=\"https:\/\/fotosatter.de\/wp-content\/uploads\/2023\/06\/IMG_1975-640x480.jpg 400w,https:\/\/fotosatter.de\/wp-content\/uploads\/2023\/06\/IMG_1975-640x480.jpg 2x\" srcset=\"data:image\/gif;base64,R0lGODlhAQABAIAAAP\/\/\/\/\/\/\/yH5BAEKAAEALAAAAAABAAEAAAICTAEAOw==\" \/><\/div><\/a><\/div><\/div><div id=\"envira-gallery-item-495\" class=\"envira-gallery-item enviratope-item envira-gallery-item-6 envira-lazy-load\" style=\"padding-left: 5px; padding-bottom: 10px; padding-right: 5px;\"  itemscope itemtype=\"https:\/\/schema.org\/ImageObject\"><div class=\"envira-gallery-item-inner\"><div class=\"envira-gallery-position-overlay  envira-gallery-top-left\"><\/div><div class=\"envira-gallery-position-overlay  envira-gallery-top-right\"><\/div><div class=\"envira-gallery-position-overlay  envira-gallery-bottom-left\"><\/div><div class=\"envira-gallery-position-overlay  envira-gallery-bottom-right\"><\/div><a href=\"https:\/\/fotosatter.de\/wp-content\/uploads\/2023\/06\/IMG_1902.jpg\" class=\"envira-gallery-575 envira-gallery-link\" rel=\"enviragallery575\" title=\"\" data-envira-caption=\"\" data-envira-retina=\"\" data-thumbnail=\"\"  itemprop=\"contentUrl\"><div class=\"envira-lazy\" data-test-width=\"640\" data-test-height=\"480\" style=\"padding-bottom:75%;\"><img decoding=\"async\" id=\"envira-gallery-image-495\" class=\"envira-gallery-image envira-gallery-image-6\" data-envira-index=\"6\" src=\"https:\/\/fotosatter.de\/wp-content\/uploads\/2023\/06\/IMG_1902-640x480.jpg\" data-envira-src=\"https:\/\/fotosatter.de\/wp-content\/uploads\/2023\/06\/IMG_1902-640x480.jpg\" data-envira-gallery-id=\"575\" data-envira-item-id=\"495\" data-envira-caption=\"\" alt=\"\" title=\"\"  itemprop=\"thumbnailUrl\" data-envira-srcset=\"https:\/\/fotosatter.de\/wp-content\/uploads\/2023\/06\/IMG_1902-640x480.jpg 400w,https:\/\/fotosatter.de\/wp-content\/uploads\/2023\/06\/IMG_1902-640x480.jpg 2x\" srcset=\"data:image\/gif;base64,R0lGODlhAQABAIAAAP\/\/\/\/\/\/\/yH5BAEKAAEALAAAAAABAAEAAAICTAEAOw==\" \/><\/div><\/a><\/div><\/div><div id=\"envira-gallery-item-497\" class=\"envira-gallery-item enviratope-item envira-gallery-item-7 envira-lazy-load\" style=\"padding-left: 5px; padding-bottom: 10px; padding-right: 5px;\"  itemscope itemtype=\"https:\/\/schema.org\/ImageObject\"><div class=\"envira-gallery-item-inner\"><div class=\"envira-gallery-position-overlay  envira-gallery-top-left\"><\/div><div class=\"envira-gallery-position-overlay  envira-gallery-top-right\"><\/div><div class=\"envira-gallery-position-overlay  envira-gallery-bottom-left\"><\/div><div class=\"envira-gallery-position-overlay  envira-gallery-bottom-right\"><\/div><a href=\"https:\/\/fotosatter.de\/wp-content\/uploads\/2023\/06\/IMG_5625.jpg\" class=\"envira-gallery-575 envira-gallery-link\" rel=\"enviragallery575\" title=\"\" data-envira-caption=\"\" data-envira-retina=\"\" data-thumbnail=\"\"  itemprop=\"contentUrl\"><div class=\"envira-lazy\" data-test-width=\"640\" data-test-height=\"480\" style=\"padding-bottom:75%;\"><img decoding=\"async\" id=\"envira-gallery-image-497\" class=\"envira-gallery-image envira-gallery-image-7\" data-envira-index=\"7\" src=\"https:\/\/fotosatter.de\/wp-content\/uploads\/2023\/06\/IMG_5625-682x1024-640x480.jpg\" data-envira-src=\"https:\/\/fotosatter.de\/wp-content\/uploads\/2023\/06\/IMG_5625-682x1024-640x480.jpg\" data-envira-gallery-id=\"575\" data-envira-item-id=\"497\" data-envira-caption=\"\" alt=\"\" title=\"\"  itemprop=\"thumbnailUrl\" data-envira-srcset=\"https:\/\/fotosatter.de\/wp-content\/uploads\/2023\/06\/IMG_5625-682x1024-640x480.jpg 400w,https:\/\/fotosatter.de\/wp-content\/uploads\/2023\/06\/IMG_5625-682x1024-640x480.jpg 2x\" srcset=\"data:image\/gif;base64,R0lGODlhAQABAIAAAP\/\/\/\/\/\/\/yH5BAEKAAEALAAAAAABAAEAAAICTAEAOw==\" \/><\/div><\/a><\/div><\/div><div id=\"envira-gallery-item-498\" class=\"envira-gallery-item enviratope-item envira-gallery-item-8 envira-lazy-load\" style=\"padding-left: 5px; padding-bottom: 10px; padding-right: 5px;\"  itemscope itemtype=\"https:\/\/schema.org\/ImageObject\"><div class=\"envira-gallery-item-inner\"><div class=\"envira-gallery-position-overlay  envira-gallery-top-left\"><\/div><div class=\"envira-gallery-position-overlay  envira-gallery-top-right\"><\/div><div class=\"envira-gallery-position-overlay  envira-gallery-bottom-left\"><\/div><div class=\"envira-gallery-position-overlay  envira-gallery-bottom-right\"><\/div><a href=\"https:\/\/fotosatter.de\/wp-content\/uploads\/2023\/06\/IMG_5683.jpg\" class=\"envira-gallery-575 envira-gallery-link\" rel=\"enviragallery575\" title=\"\" data-envira-caption=\"\" data-envira-retina=\"\" data-thumbnail=\"\"  itemprop=\"contentUrl\"><div class=\"envira-lazy\" data-test-width=\"640\" data-test-height=\"480\" style=\"padding-bottom:75%;\"><img decoding=\"async\" id=\"envira-gallery-image-498\" class=\"envira-gallery-image envira-gallery-image-8\" data-envira-index=\"8\" src=\"https:\/\/fotosatter.de\/wp-content\/uploads\/2023\/06\/IMG_5683-682x1024-640x480.jpg\" data-envira-src=\"https:\/\/fotosatter.de\/wp-content\/uploads\/2023\/06\/IMG_5683-682x1024-640x480.jpg\" data-envira-gallery-id=\"575\" data-envira-item-id=\"498\" data-envira-caption=\"\" alt=\"\" title=\"\"  itemprop=\"thumbnailUrl\" data-envira-srcset=\"https:\/\/fotosatter.de\/wp-content\/uploads\/2023\/06\/IMG_5683-682x1024-640x480.jpg 400w,https:\/\/fotosatter.de\/wp-content\/uploads\/2023\/06\/IMG_5683-682x1024-640x480.jpg 2x\" srcset=\"data:image\/gif;base64,R0lGODlhAQABAIAAAP\/\/\/\/\/\/\/yH5BAEKAAEALAAAAAABAAEAAAICTAEAOw==\" \/><\/div><\/a><\/div><\/div><div id=\"envira-gallery-item-499\" class=\"envira-gallery-item enviratope-item envira-gallery-item-9 envira-lazy-load\" style=\"padding-left: 5px; padding-bottom: 10px; padding-right: 5px;\"  itemscope itemtype=\"https:\/\/schema.org\/ImageObject\"><div class=\"envira-gallery-item-inner\"><div class=\"envira-gallery-position-overlay  envira-gallery-top-left\"><\/div><div class=\"envira-gallery-position-overlay  envira-gallery-top-right\"><\/div><div class=\"envira-gallery-position-overlay  envira-gallery-bottom-left\"><\/div><div class=\"envira-gallery-position-overlay  envira-gallery-bottom-right\"><\/div><a href=\"https:\/\/fotosatter.de\/wp-content\/uploads\/2023\/06\/IMG_6288-scaled.jpg\" class=\"envira-gallery-575 envira-gallery-link\" rel=\"enviragallery575\" title=\"\" data-envira-caption=\"\" data-envira-retina=\"\" data-thumbnail=\"\"  itemprop=\"contentUrl\"><div class=\"envira-lazy\" data-test-width=\"640\" data-test-height=\"480\" style=\"padding-bottom:75%;\"><img decoding=\"async\" id=\"envira-gallery-image-499\" class=\"envira-gallery-image envira-gallery-image-9\" data-envira-index=\"9\" src=\"https:\/\/fotosatter.de\/wp-content\/uploads\/2023\/06\/IMG_6288-683x1024-640x480.jpg\" data-envira-src=\"https:\/\/fotosatter.de\/wp-content\/uploads\/2023\/06\/IMG_6288-683x1024-640x480.jpg\" data-envira-gallery-id=\"575\" data-envira-item-id=\"499\" data-envira-caption=\"\" alt=\"\" title=\"\"  itemprop=\"thumbnailUrl\" data-envira-srcset=\"https:\/\/fotosatter.de\/wp-content\/uploads\/2023\/06\/IMG_6288-683x1024-640x480.jpg 400w,https:\/\/fotosatter.de\/wp-content\/uploads\/2023\/06\/IMG_6288-683x1024-640x480.jpg 2x\" srcset=\"data:image\/gif;base64,R0lGODlhAQABAIAAAP\/\/\/\/\/\/\/yH5BAEKAAEALAAAAAABAAEAAAICTAEAOw==\" \/><\/div><\/a><\/div><\/div><div id=\"envira-gallery-item-500\" class=\"envira-gallery-item enviratope-item envira-gallery-item-10 envira-lazy-load\" style=\"padding-left: 5px; padding-bottom: 10px; padding-right: 5px;\"  itemscope itemtype=\"https:\/\/schema.org\/ImageObject\"><div class=\"envira-gallery-item-inner\"><div class=\"envira-gallery-position-overlay  envira-gallery-top-left\"><\/div><div class=\"envira-gallery-position-overlay  envira-gallery-top-right\"><\/div><div class=\"envira-gallery-position-overlay  envira-gallery-bottom-left\"><\/div><div class=\"envira-gallery-position-overlay  envira-gallery-bottom-right\"><\/div><a href=\"https:\/\/fotosatter.de\/wp-content\/uploads\/2023\/06\/IMG_6307-scaled.jpg\" class=\"envira-gallery-575 envira-gallery-link\" rel=\"enviragallery575\" title=\"\" data-envira-caption=\"\" data-envira-retina=\"\" data-thumbnail=\"\"  itemprop=\"contentUrl\"><div class=\"envira-lazy\" data-test-width=\"640\" data-test-height=\"480\" style=\"padding-bottom:75%;\"><img decoding=\"async\" id=\"envira-gallery-image-500\" class=\"envira-gallery-image envira-gallery-image-10\" data-envira-index=\"10\" src=\"https:\/\/fotosatter.de\/wp-content\/uploads\/2023\/06\/IMG_6307-1024x683-640x480.jpg\" data-envira-src=\"https:\/\/fotosatter.de\/wp-content\/uploads\/2023\/06\/IMG_6307-1024x683-640x480.jpg\" data-envira-gallery-id=\"575\" data-envira-item-id=\"500\" data-envira-caption=\"\" alt=\"\" title=\"\"  itemprop=\"thumbnailUrl\" data-envira-srcset=\"https:\/\/fotosatter.de\/wp-content\/uploads\/2023\/06\/IMG_6307-1024x683-640x480.jpg 400w,https:\/\/fotosatter.de\/wp-content\/uploads\/2023\/06\/IMG_6307-1024x683-640x480.jpg 2x\" srcset=\"data:image\/gif;base64,R0lGODlhAQABAIAAAP\/\/\/\/\/\/\/yH5BAEKAAEALAAAAAABAAEAAAICTAEAOw==\" \/><\/div><\/a><\/div><\/div><div id=\"envira-gallery-item-285\" class=\"envira-gallery-item enviratope-item envira-gallery-item-11 envira-lazy-load\" style=\"padding-left: 5px; padding-bottom: 10px; padding-right: 5px;\"  itemscope itemtype=\"https:\/\/schema.org\/ImageObject\"><div class=\"envira-gallery-item-inner\"><div class=\"envira-gallery-position-overlay  envira-gallery-top-left\"><\/div><div class=\"envira-gallery-position-overlay  envira-gallery-top-right\"><\/div><div class=\"envira-gallery-position-overlay  envira-gallery-bottom-left\"><\/div><div class=\"envira-gallery-position-overlay  envira-gallery-bottom-right\"><\/div><a href=\"https:\/\/fotosatter.de\/wp-content\/uploads\/2023\/06\/IMG_7502.jpg\" class=\"envira-gallery-575 envira-gallery-link\" rel=\"enviragallery575\" title=\"\" data-envira-caption=\"\" data-envira-retina=\"\" data-thumbnail=\"\"  itemprop=\"contentUrl\"><div class=\"envira-lazy\" data-test-width=\"640\" data-test-height=\"480\" style=\"padding-bottom:75%;\"><img decoding=\"async\" id=\"envira-gallery-image-285\" class=\"envira-gallery-image envira-gallery-image-11\" data-envira-index=\"11\" src=\"https:\/\/fotosatter.de\/wp-content\/uploads\/2023\/06\/IMG_7502-683x1024-640x480.jpg\" data-envira-src=\"https:\/\/fotosatter.de\/wp-content\/uploads\/2023\/06\/IMG_7502-683x1024-640x480.jpg\" data-envira-gallery-id=\"575\" data-envira-item-id=\"285\" data-envira-caption=\"\" alt=\"\" title=\"\"  itemprop=\"thumbnailUrl\" data-envira-srcset=\"https:\/\/fotosatter.de\/wp-content\/uploads\/2023\/06\/IMG_7502-683x1024-640x480.jpg 400w,https:\/\/fotosatter.de\/wp-content\/uploads\/2023\/06\/IMG_7502-683x1024-640x480.jpg 2x\" srcset=\"data:image\/gif;base64,R0lGODlhAQABAIAAAP\/\/\/\/\/\/\/yH5BAEKAAEALAAAAAABAAEAAAICTAEAOw==\" \/><\/div><\/a><\/div><\/div><\/div><\/div><noscript><img decoding=\"async\" src=\"https:\/\/fotosatter.de\/wp-content\/uploads\/2023\/07\/6W9A2578-scaled.jpg\" alt=\"\" \/><img decoding=\"async\" src=\"https:\/\/fotosatter.de\/wp-content\/uploads\/2023\/07\/6W9A2585-scaled.jpg\" alt=\"\" \/><img decoding=\"async\" src=\"https:\/\/fotosatter.de\/wp-content\/uploads\/2023\/06\/6W9A4244-scaled.jpg\" alt=\"\" \/><img decoding=\"async\" src=\"https:\/\/fotosatter.de\/wp-content\/uploads\/2023\/06\/6W9A4272-scaled.jpg\" alt=\"\" \/><img decoding=\"async\" src=\"https:\/\/fotosatter.de\/wp-content\/uploads\/2023\/06\/IMG_1975.jpg\" alt=\"\" \/><img decoding=\"async\" src=\"https:\/\/fotosatter.de\/wp-content\/uploads\/2023\/06\/IMG_1902.jpg\" alt=\"\" \/><img decoding=\"async\" src=\"https:\/\/fotosatter.de\/wp-content\/uploads\/2023\/06\/IMG_5625.jpg\" alt=\"\" \/><img decoding=\"async\" src=\"https:\/\/fotosatter.de\/wp-content\/uploads\/2023\/06\/IMG_5683.jpg\" alt=\"\" \/><img decoding=\"async\" src=\"https:\/\/fotosatter.de\/wp-content\/uploads\/2023\/06\/IMG_6288-scaled.jpg\" alt=\"\" \/><img decoding=\"async\" src=\"https:\/\/fotosatter.de\/wp-content\/uploads\/2023\/06\/IMG_6307-scaled.jpg\" alt=\"\" \/><img decoding=\"async\" src=\"https:\/\/fotosatter.de\/wp-content\/uploads\/2023\/06\/IMG_7502.jpg\" alt=\"\" \/><\/noscript>\n","protected":false},"excerpt":{"rendered":"<p>Sie m\u00f6chten Ihre Hochzeit fotografisch festhalten? Dann z\u00f6gern Sie nicht mir eine Mail zu schreiben. zur\u00fcck zur Galerie\u00fcbersicht<\/p>\n","protected":false},"author":1,"featured_media":0,"parent":0,"menu_order":0,"comment_status":"closed","ping_status":"closed","template":"","meta":{"colormag_page_container_layout":"default_layout","colormag_page_sidebar_layout":"default_layout","footnotes":""},"class_list":["post-419","page","type-page","status-publish","hentry"],"_links":{"self":[{"href":"https:\/\/fotosatter.de\/index.php?rest_route=\/wp\/v2\/pages\/419","targetHints":{"allow":["GET"]}}],"collection":[{"href":"https:\/\/fotosatter.de\/index.php?rest_route=\/wp\/v2\/pages"}],"about":[{"href":"https:\/\/fotosatter.de\/index.php?rest_route=\/wp\/v2\/types\/page"}],"author":[{"embeddable":true,"href":"https:\/\/fotosatter.de\/index.php?rest_route=\/wp\/v2\/users\/1"}],"replies":[{"embeddable":true,"href":"https:\/\/fotosatter.de\/index.php?rest_route=%2Fwp%2Fv2%2Fcomments&post=419"}],"version-history":[{"count":13,"href":"https:\/\/fotosatter.de\/index.php?rest_route=\/wp\/v2\/pages\/419\/revisions"}],"predecessor-version":[{"id":1368,"href":"https:\/\/fotosatter.de\/index.php?rest_route=\/wp\/v2\/pages\/419\/revisions\/1368"}],"wp:attachment":[{"href":"https:\/\/fotosatter.de\/index.php?rest_route=%2Fwp%2Fv2%2Fmedia&parent=419"}],"curies":[{"name":"wp","href":"https:\/\/api.w.org\/{rel}","templated":true}]}}