{"id":410,"date":"2023-06-25T14:42:45","date_gmt":"2023-06-25T14:42:45","guid":{"rendered":"https:\/\/fotosatter.de\/?page_id=410"},"modified":"2025-05-31T17:56:40","modified_gmt":"2025-05-31T17:56:40","slug":"business","status":"publish","type":"page","link":"https:\/\/fotosatter.de\/?page_id=410","title":{"rendered":"BUSINESSBILDER"},"content":{"rendered":"\n<p class=\"has-text-align-center has-medium-font-size\"><strong><mark style=\"background-color:rgba(0, 0, 0, 0)\" class=\"has-inline-color has-black-color\">Sie brauchen Businessbilder? Dann z\u00f6gern Sie nicht mir eine Mail zu schreiben.<\/mark><\/strong><\/p>\n\n\n\n<p><\/p>\n\n\n\n<p class=\"has-medium-font-size\"><mark style=\"background-color:rgba(0, 0, 0, 0)\" class=\"has-inline-color has-black-color\">zur\u00fcck zur <strong><a href=\"https:\/\/fotosatter.de\/?page_id=112\">Galerie\u00fcbersicht<\/a><\/strong><\/mark><\/p>\n\n\n\n<p class=\"has-text-align-center has-medium-font-size\"><\/p>\n\n\n\n<div id=\"envira-gallery-wrap-590\" class=\"envira-gallery-wrap envira-gallery-theme-base envira-lightbox-theme-base\" itemscope itemtype=\"https:\/\/schema.org\/ImageGallery\"><div data-row-height=\"\" data-gallery-theme=\"\" id=\"envira-gallery-590\" class=\"envira-gallery-public  envira-gallery-3-columns envira-clear enviratope envira-gallery-css-animations\" data-envira-columns=\"3\"><div id=\"envira-gallery-item-589\" class=\"envira-gallery-item enviratope-item envira-gallery-item-1 envira-lazy-load\" style=\"padding-left: 5px; padding-bottom: 10px; padding-right: 5px;\"  itemscope itemtype=\"https:\/\/schema.org\/ImageObject\"><div class=\"envira-gallery-item-inner\"><div class=\"envira-gallery-position-overlay  envira-gallery-top-left\"><\/div><div class=\"envira-gallery-position-overlay  envira-gallery-top-right\"><\/div><div class=\"envira-gallery-position-overlay  envira-gallery-bottom-left\"><\/div><div class=\"envira-gallery-position-overlay  envira-gallery-bottom-right\"><\/div><a href=\"https:\/\/fotosatter.de\/wp-content\/uploads\/2023\/06\/6W9A8758-Kopie-scaled.jpg\" class=\"envira-gallery-590 envira-gallery-link\" rel=\"enviragallery590\" title=\"DIS AG\" data-envira-caption=\"DIS AG\" data-envira-retina=\"\" data-thumbnail=\"\"  itemprop=\"contentUrl\"><div class=\"envira-lazy\" data-test-width=\"640\" data-test-height=\"480\" style=\"padding-bottom:75%;\"><img decoding=\"async\" id=\"envira-gallery-image-589\" class=\"envira-gallery-image envira-gallery-image-1\" data-envira-index=\"1\" src=\"https:\/\/fotosatter.de\/wp-content\/uploads\/2023\/06\/6W9A8758-Kopie-736x1024-640x480.jpg\" data-envira-src=\"https:\/\/fotosatter.de\/wp-content\/uploads\/2023\/06\/6W9A8758-Kopie-736x1024-640x480.jpg\" data-envira-gallery-id=\"590\" data-envira-item-id=\"589\" data-envira-caption=\"DIS AG\" alt=\"\" title=\"DIS AG\"  itemprop=\"thumbnailUrl\" data-envira-srcset=\"https:\/\/fotosatter.de\/wp-content\/uploads\/2023\/06\/6W9A8758-Kopie-736x1024-640x480.jpg 400w,https:\/\/fotosatter.de\/wp-content\/uploads\/2023\/06\/6W9A8758-Kopie-736x1024-640x480.jpg 2x\" srcset=\"data:image\/gif;base64,R0lGODlhAQABAIAAAP\/\/\/\/\/\/\/yH5BAEKAAEALAAAAAABAAEAAAICTAEAOw==\" \/><\/div><\/a><\/div><\/div><div id=\"envira-gallery-item-588\" class=\"envira-gallery-item enviratope-item envira-gallery-item-2 envira-lazy-load\" style=\"padding-left: 5px; padding-bottom: 10px; padding-right: 5px;\"  itemscope itemtype=\"https:\/\/schema.org\/ImageObject\"><div class=\"envira-gallery-item-inner\"><div class=\"envira-gallery-position-overlay  envira-gallery-top-left\"><\/div><div class=\"envira-gallery-position-overlay  envira-gallery-top-right\"><\/div><div class=\"envira-gallery-position-overlay  envira-gallery-bottom-left\"><\/div><div class=\"envira-gallery-position-overlay  envira-gallery-bottom-right\"><\/div><a href=\"https:\/\/fotosatter.de\/wp-content\/uploads\/2023\/06\/6W9A8731-Kopie-scaled.jpg\" class=\"envira-gallery-590 envira-gallery-link\" rel=\"enviragallery590\" title=\"DIS AG\" data-envira-caption=\"DIS AG\" data-envira-retina=\"\" data-thumbnail=\"\"  itemprop=\"contentUrl\"><div class=\"envira-lazy\" data-test-width=\"640\" data-test-height=\"480\" style=\"padding-bottom:75%;\"><img decoding=\"async\" id=\"envira-gallery-image-588\" class=\"envira-gallery-image envira-gallery-image-2\" data-envira-index=\"2\" src=\"https:\/\/fotosatter.de\/wp-content\/uploads\/2023\/06\/6W9A8731-Kopie-713x1024-640x480.jpg\" data-envira-src=\"https:\/\/fotosatter.de\/wp-content\/uploads\/2023\/06\/6W9A8731-Kopie-713x1024-640x480.jpg\" data-envira-gallery-id=\"590\" data-envira-item-id=\"588\" data-envira-caption=\"DIS AG\" alt=\"\" title=\"DIS AG\"  itemprop=\"thumbnailUrl\" data-envira-srcset=\"https:\/\/fotosatter.de\/wp-content\/uploads\/2023\/06\/6W9A8731-Kopie-713x1024-640x480.jpg 400w,https:\/\/fotosatter.de\/wp-content\/uploads\/2023\/06\/6W9A8731-Kopie-713x1024-640x480.jpg 2x\" srcset=\"data:image\/gif;base64,R0lGODlhAQABAIAAAP\/\/\/\/\/\/\/yH5BAEKAAEALAAAAAABAAEAAAICTAEAOw==\" \/><\/div><\/a><\/div><\/div><div id=\"envira-gallery-item-587\" class=\"envira-gallery-item enviratope-item envira-gallery-item-3 envira-lazy-load\" style=\"padding-left: 5px; padding-bottom: 10px; padding-right: 5px;\"  itemscope itemtype=\"https:\/\/schema.org\/ImageObject\"><div class=\"envira-gallery-item-inner\"><div class=\"envira-gallery-position-overlay  envira-gallery-top-left\"><\/div><div class=\"envira-gallery-position-overlay  envira-gallery-top-right\"><\/div><div class=\"envira-gallery-position-overlay  envira-gallery-bottom-left\"><\/div><div class=\"envira-gallery-position-overlay  envira-gallery-bottom-right\"><\/div><a href=\"https:\/\/fotosatter.de\/wp-content\/uploads\/2023\/06\/6W9A8702-Kopie-scaled.jpg\" class=\"envira-gallery-590 envira-gallery-link\" rel=\"enviragallery590\" title=\"DIS AG\" data-envira-caption=\"DIS AG\" data-envira-retina=\"\" data-thumbnail=\"\"  itemprop=\"contentUrl\"><div class=\"envira-lazy\" data-test-width=\"640\" data-test-height=\"480\" style=\"padding-bottom:75%;\"><img decoding=\"async\" id=\"envira-gallery-image-587\" class=\"envira-gallery-image envira-gallery-image-3\" data-envira-index=\"3\" src=\"https:\/\/fotosatter.de\/wp-content\/uploads\/2023\/06\/6W9A8702-Kopie-700x1024-640x480.jpg\" data-envira-src=\"https:\/\/fotosatter.de\/wp-content\/uploads\/2023\/06\/6W9A8702-Kopie-700x1024-640x480.jpg\" data-envira-gallery-id=\"590\" data-envira-item-id=\"587\" data-envira-caption=\"DIS AG\" alt=\"\" title=\"DIS AG\"  itemprop=\"thumbnailUrl\" data-envira-srcset=\"https:\/\/fotosatter.de\/wp-content\/uploads\/2023\/06\/6W9A8702-Kopie-700x1024-640x480.jpg 400w,https:\/\/fotosatter.de\/wp-content\/uploads\/2023\/06\/6W9A8702-Kopie-700x1024-640x480.jpg 2x\" srcset=\"data:image\/gif;base64,R0lGODlhAQABAIAAAP\/\/\/\/\/\/\/yH5BAEKAAEALAAAAAABAAEAAAICTAEAOw==\" \/><\/div><\/a><\/div><\/div><div id=\"envira-gallery-item-586\" class=\"envira-gallery-item enviratope-item envira-gallery-item-4 envira-lazy-load\" style=\"padding-left: 5px; padding-bottom: 10px; padding-right: 5px;\"  itemscope itemtype=\"https:\/\/schema.org\/ImageObject\"><div class=\"envira-gallery-item-inner\"><div class=\"envira-gallery-position-overlay  envira-gallery-top-left\"><\/div><div class=\"envira-gallery-position-overlay  envira-gallery-top-right\"><\/div><div class=\"envira-gallery-position-overlay  envira-gallery-bottom-left\"><\/div><div class=\"envira-gallery-position-overlay  envira-gallery-bottom-right\"><\/div><a href=\"https:\/\/fotosatter.de\/wp-content\/uploads\/2023\/06\/6W9A8693-Kopie-scaled.jpg\" class=\"envira-gallery-590 envira-gallery-link\" rel=\"enviragallery590\" title=\"DIS AG\" data-envira-caption=\"DIS AG\" data-envira-retina=\"\" data-thumbnail=\"\"  itemprop=\"contentUrl\"><div class=\"envira-lazy\" data-test-width=\"640\" data-test-height=\"480\" style=\"padding-bottom:75%;\"><img decoding=\"async\" id=\"envira-gallery-image-586\" class=\"envira-gallery-image envira-gallery-image-4\" data-envira-index=\"4\" src=\"https:\/\/fotosatter.de\/wp-content\/uploads\/2023\/06\/6W9A8693-Kopie-739x1024-640x480.jpg\" data-envira-src=\"https:\/\/fotosatter.de\/wp-content\/uploads\/2023\/06\/6W9A8693-Kopie-739x1024-640x480.jpg\" data-envira-gallery-id=\"590\" data-envira-item-id=\"586\" data-envira-caption=\"DIS AG\" alt=\"\" title=\"DIS AG\"  itemprop=\"thumbnailUrl\" data-envira-srcset=\"https:\/\/fotosatter.de\/wp-content\/uploads\/2023\/06\/6W9A8693-Kopie-739x1024-640x480.jpg 400w,https:\/\/fotosatter.de\/wp-content\/uploads\/2023\/06\/6W9A8693-Kopie-739x1024-640x480.jpg 2x\" srcset=\"data:image\/gif;base64,R0lGODlhAQABAIAAAP\/\/\/\/\/\/\/yH5BAEKAAEALAAAAAABAAEAAAICTAEAOw==\" \/><\/div><\/a><\/div><\/div><div id=\"envira-gallery-item-141\" class=\"envira-gallery-item enviratope-item envira-gallery-item-5 envira-lazy-load\" style=\"padding-left: 5px; padding-bottom: 10px; padding-right: 5px;\"  itemscope itemtype=\"https:\/\/schema.org\/ImageObject\"><div class=\"envira-gallery-item-inner\"><div class=\"envira-gallery-position-overlay  envira-gallery-top-left\"><\/div><div class=\"envira-gallery-position-overlay  envira-gallery-top-right\"><\/div><div class=\"envira-gallery-position-overlay  envira-gallery-bottom-left\"><\/div><div class=\"envira-gallery-position-overlay  envira-gallery-bottom-right\"><\/div><a href=\"https:\/\/fotosatter.de\/wp-content\/uploads\/2023\/06\/6W9A2176-scaled.jpg\" class=\"envira-gallery-590 envira-gallery-link\" rel=\"enviragallery590\" title=\"6W9A2176\" data-envira-caption=\"6W9A2176\" data-envira-retina=\"\" data-thumbnail=\"\"  itemprop=\"contentUrl\"><div class=\"envira-lazy\" data-test-width=\"640\" data-test-height=\"480\" style=\"padding-bottom:75%;\"><img decoding=\"async\" id=\"envira-gallery-image-141\" class=\"envira-gallery-image envira-gallery-image-5\" data-envira-index=\"5\" src=\"https:\/\/fotosatter.de\/wp-content\/uploads\/2023\/06\/6W9A2176-902x1024-640x480.jpg\" data-envira-src=\"https:\/\/fotosatter.de\/wp-content\/uploads\/2023\/06\/6W9A2176-902x1024-640x480.jpg\" data-envira-gallery-id=\"590\" data-envira-item-id=\"141\" data-envira-caption=\"6W9A2176\" alt=\"\" title=\"6W9A2176\"  itemprop=\"thumbnailUrl\" data-envira-srcset=\"https:\/\/fotosatter.de\/wp-content\/uploads\/2023\/06\/6W9A2176-902x1024-640x480.jpg 400w,https:\/\/fotosatter.de\/wp-content\/uploads\/2023\/06\/6W9A2176-902x1024-640x480.jpg 2x\" srcset=\"data:image\/gif;base64,R0lGODlhAQABAIAAAP\/\/\/\/\/\/\/yH5BAEKAAEALAAAAAABAAEAAAICTAEAOw==\" \/><\/div><\/a><\/div><\/div><div id=\"envira-gallery-item-325\" class=\"envira-gallery-item enviratope-item envira-gallery-item-6 envira-lazy-load\" style=\"padding-left: 5px; padding-bottom: 10px; padding-right: 5px;\"  itemscope itemtype=\"https:\/\/schema.org\/ImageObject\"><div class=\"envira-gallery-item-inner\"><div class=\"envira-gallery-position-overlay  envira-gallery-top-left\"><\/div><div class=\"envira-gallery-position-overlay  envira-gallery-top-right\"><\/div><div class=\"envira-gallery-position-overlay  envira-gallery-bottom-left\"><\/div><div class=\"envira-gallery-position-overlay  envira-gallery-bottom-right\"><\/div><a href=\"https:\/\/fotosatter.de\/wp-content\/uploads\/2023\/06\/6W9A1989-scaled.jpg\" class=\"envira-gallery-590 envira-gallery-link\" rel=\"enviragallery590\" title=\"6W9A1989\" data-envira-caption=\"6W9A1989\" data-envira-retina=\"\" data-thumbnail=\"\"  itemprop=\"contentUrl\"><div class=\"envira-lazy\" data-test-width=\"640\" data-test-height=\"480\" style=\"padding-bottom:75%;\"><img decoding=\"async\" id=\"envira-gallery-image-325\" class=\"envira-gallery-image envira-gallery-image-6\" data-envira-index=\"6\" src=\"https:\/\/fotosatter.de\/wp-content\/uploads\/2023\/06\/6W9A1989-683x1024-640x480.jpg\" data-envira-src=\"https:\/\/fotosatter.de\/wp-content\/uploads\/2023\/06\/6W9A1989-683x1024-640x480.jpg\" data-envira-gallery-id=\"590\" data-envira-item-id=\"325\" data-envira-caption=\"6W9A1989\" alt=\"\" title=\"6W9A1989\"  itemprop=\"thumbnailUrl\" data-envira-srcset=\"https:\/\/fotosatter.de\/wp-content\/uploads\/2023\/06\/6W9A1989-683x1024-640x480.jpg 400w,https:\/\/fotosatter.de\/wp-content\/uploads\/2023\/06\/6W9A1989-683x1024-640x480.jpg 2x\" srcset=\"data:image\/gif;base64,R0lGODlhAQABAIAAAP\/\/\/\/\/\/\/yH5BAEKAAEALAAAAAABAAEAAAICTAEAOw==\" \/><\/div><\/a><\/div><\/div><\/div><\/div><noscript><img decoding=\"async\" src=\"https:\/\/fotosatter.de\/wp-content\/uploads\/2023\/06\/6W9A8758-Kopie-scaled.jpg\" alt=\"\" \/><img decoding=\"async\" src=\"https:\/\/fotosatter.de\/wp-content\/uploads\/2023\/06\/6W9A8731-Kopie-scaled.jpg\" alt=\"\" \/><img decoding=\"async\" src=\"https:\/\/fotosatter.de\/wp-content\/uploads\/2023\/06\/6W9A8702-Kopie-scaled.jpg\" alt=\"\" \/><img decoding=\"async\" src=\"https:\/\/fotosatter.de\/wp-content\/uploads\/2023\/06\/6W9A8693-Kopie-scaled.jpg\" alt=\"\" \/><img decoding=\"async\" src=\"https:\/\/fotosatter.de\/wp-content\/uploads\/2023\/06\/6W9A2176-scaled.jpg\" alt=\"\" \/><img decoding=\"async\" src=\"https:\/\/fotosatter.de\/wp-content\/uploads\/2023\/06\/6W9A1989-scaled.jpg\" alt=\"\" \/><\/noscript>\n\n\n\n<p class=\"has-text-align-center has-medium-font-size\"><\/p>\n\n\n\n<p><\/p>\n","protected":false},"excerpt":{"rendered":"<p>Sie brauchen Businessbilder? Dann z\u00f6gern Sie nicht mir eine Mail zu schreiben. zur\u00fcck zur Galerie\u00fcbersicht<\/p>\n","protected":false},"author":1,"featured_media":0,"parent":0,"menu_order":0,"comment_status":"closed","ping_status":"closed","template":"","meta":{"colormag_page_container_layout":"default_layout","colormag_page_sidebar_layout":"default_layout","footnotes":""},"class_list":["post-410","page","type-page","status-publish","hentry"],"_links":{"self":[{"href":"https:\/\/fotosatter.de\/index.php?rest_route=\/wp\/v2\/pages\/410","targetHints":{"allow":["GET"]}}],"collection":[{"href":"https:\/\/fotosatter.de\/index.php?rest_route=\/wp\/v2\/pages"}],"about":[{"href":"https:\/\/fotosatter.de\/index.php?rest_route=\/wp\/v2\/types\/page"}],"author":[{"embeddable":true,"href":"https:\/\/fotosatter.de\/index.php?rest_route=\/wp\/v2\/users\/1"}],"replies":[{"embeddable":true,"href":"https:\/\/fotosatter.de\/index.php?rest_route=%2Fwp%2Fv2%2Fcomments&post=410"}],"version-history":[{"count":19,"href":"https:\/\/fotosatter.de\/index.php?rest_route=\/wp\/v2\/pages\/410\/revisions"}],"predecessor-version":[{"id":1369,"href":"https:\/\/fotosatter.de\/index.php?rest_route=\/wp\/v2\/pages\/410\/revisions\/1369"}],"wp:attachment":[{"href":"https:\/\/fotosatter.de\/index.php?rest_route=%2Fwp%2Fv2%2Fmedia&parent=410"}],"curies":[{"name":"wp","href":"https:\/\/api.w.org\/{rel}","templated":true}]}}