{"id":384,"date":"2023-06-25T13:05:31","date_gmt":"2023-06-25T13:05:31","guid":{"rendered":"https:\/\/fotosatter.de\/?page_id=384"},"modified":"2026-01-10T17:41:52","modified_gmt":"2026-01-10T17:41:52","slug":"herzlich-willkommen-auf-der-seite-von-sven-satter-photography","status":"publish","type":"page","link":"https:\/\/fotosatter.de\/","title":{"rendered":""},"content":{"rendered":"\n<div class=\"wp-block-columns is-layout-flex wp-container-core-columns-is-layout-28f84493 wp-block-columns-is-layout-flex\">\n<div class=\"wp-block-column is-layout-flow wp-block-column-is-layout-flow\" style=\"flex-basis:100%\">\n<figure><img decoding=\"async\" class=\"aligncenter\" style=\"width: 306px; height: auto;\" src=\"https:\/\/fotosatter.de\/wp-content\/uploads\/2025\/04\/SVEN-LOGO-1024x703.png\" alt=\"\" \/><\/figure>\n<\/p>\n\n\n\n<p><\/p>\n\n\n\n<p><\/p>\n\n\n\n<h6 class=\"wp-block-heading\">Hallo sch\u00f6n das du den Weg zu mir gefunden hast, ich bin Sven, Ihr Fotograf aus Bodenheim am Rhein\u2026<\/h6>\n\n\n\n<p><span style=\"color: #333300;\">Gerne halte ich Ihre besonderen Momente fotografisch in Bildern fest&nbsp;bei einem pers\u00f6nlichen Fotoshooting, einer Hochzeit, Geburtstags- oder auch Firmenfeier.<\/span><\/p>\n\n\n\n<p><span style=\"color: #333300;\">F\u00fcr ein Erstgespr\u00e4ch stehe ich Ihnen gerne zur Verf\u00fcgung. Kontaktieren Sie mich hierf\u00fcr gerne per <strong><a style=\"color: #333300;\" href=\"mailto:info@fotosatter.de?subject=Individuelle Shootinganfrage\"><mark style=\"background-color: rgba(0, 0, 0, 0);\">Mail<\/mark><\/a><\/strong>.<\/span><\/p>\n\n\n\n<p><span style=\"color: #333300;\">Ich freue mich auf Ihre Nachricht.<\/span><\/p>\n\n\n\n<p><\/p>\n\n\n\n<div class=\"wp-block-buttons is-layout-flex wp-block-buttons-is-layout-flex\">\n<div class=\"wp-block-button is-style-outline is-style-outline--1\"><a class=\"wp-block-button__link wp-element-button\" href=\"https:\/\/www.instagram.com\/sven_satter_photography\/\">Instagram<\/a><\/div>\n\n\n\n<div class=\"wp-block-button is-style-outline is-style-outline--2\"><a class=\"wp-block-button__link wp-element-button\" href=\"https:\/\/www.facebook.com\/profile.php?id=61576325698660\">Facebook<\/a><\/div>\n<\/div>\n\n\n\n<p><\/p>\n\n\n\n<p><\/p>\n<\/div>\n<\/div>\n\n\n<p><!-- \/wp:post-content --><\/p>\n<p><!-- wp:paragraph --><\/p>\n<p><!-- \/wp:paragraph --><\/p>","protected":false},"excerpt":{"rendered":"<p>Hallo sch\u00f6n das du den Weg zu mir gefunden hast, ich bin Sven, Ihr Fotograf aus Bodenheim am Rhein\u2026 Gerne<\/p>\n","protected":false},"author":1,"featured_media":0,"parent":0,"menu_order":0,"comment_status":"closed","ping_status":"closed","template":"","meta":{"colormag_page_container_layout":"default_layout","colormag_page_sidebar_layout":"default_layout","footnotes":""},"class_list":["post-384","page","type-page","status-publish","hentry"],"_links":{"self":[{"href":"https:\/\/fotosatter.de\/index.php?rest_route=\/wp\/v2\/pages\/384","targetHints":{"allow":["GET"]}}],"collection":[{"href":"https:\/\/fotosatter.de\/index.php?rest_route=\/wp\/v2\/pages"}],"about":[{"href":"https:\/\/fotosatter.de\/index.php?rest_route=\/wp\/v2\/types\/page"}],"author":[{"embeddable":true,"href":"https:\/\/fotosatter.de\/index.php?rest_route=\/wp\/v2\/users\/1"}],"replies":[{"embeddable":true,"href":"https:\/\/fotosatter.de\/index.php?rest_route=%2Fwp%2Fv2%2Fcomments&post=384"}],"version-history":[{"count":66,"href":"https:\/\/fotosatter.de\/index.php?rest_route=\/wp\/v2\/pages\/384\/revisions"}],"predecessor-version":[{"id":1425,"href":"https:\/\/fotosatter.de\/index.php?rest_route=\/wp\/v2\/pages\/384\/revisions\/1425"}],"wp:attachment":[{"href":"https:\/\/fotosatter.de\/index.php?rest_route=%2Fwp%2Fv2%2Fmedia&parent=384"}],"curies":[{"name":"wp","href":"https:\/\/api.w.org\/{rel}","templated":true}]}}